{"id":4112,"date":"2016-01-11T15:38:01","date_gmt":"2016-01-11T14:38:01","guid":{"rendered":"http:\/\/www.vandijkholland.nl\/?page_id=4112"},"modified":"2016-01-19T09:59:04","modified_gmt":"2016-01-19T08:59:04","slug":"creativiteit","status":"publish","type":"page","link":"https:\/\/www.vandijkholland.nl\/de\/creativiteit\/","title":{"rendered":"Kreativit\u00e4t"},"content":{"rendered":"<p>[vc_row][vc_column][vc_custom_heading text=&#8221;Kreativit\u00e4t&#8221; use_theme_fonts=&#8221;yes&#8221;][\/vc_column][\/vc_row][vc_row][vc_column][vc_column_text el_class=&#8221;lead&#8221;]F\u00fcr die Van Dijk Holland B.V. spielt Kreativit\u00e4t eine wesentliche Rolle.<\/p>\n<p>Wir betrachten Kreativit\u00e4t nicht als exklusive Spielwiese f\u00fcr Designer und Produktentwickler.<\/p>\n<p>Deshalb konzentriert sich unser gesamtes Unternehmen darauf, die richtigen Produkte bzw. L\u00f6sungen f\u00fcr die Probleme unserer Kunden zu finden.[\/vc_column_text][\/vc_column][\/vc_row][vc_row][vc_column width=&#8221;1\/2&#8243;][vc_single_image image=&#8221;4115&#8243; img_size=&#8221;full&#8221; style=&#8221;vc_box_outline&#8221; onclick=&#8221;img_link_large&#8221; lightbox=&#8221;yes&#8221; zoom_icon=&#8221;yes&#8221;][\/vc_column][vc_column width=&#8221;1\/2&#8243;][vc_single_image image=&#8221;4116&#8243; img_size=&#8221;full&#8221; style=&#8221;vc_box_outline&#8221; onclick=&#8221;img_link_large&#8221; lightbox=&#8221;yes&#8221; zoom_icon=&#8221;yes&#8221;][\/vc_column][\/vc_row]<\/p>","protected":false},"excerpt":{"rendered":"<p>[vc_row][vc_column][vc_custom_heading text=&#8221;Kreativit\u00e4t&#8221; use_theme_fonts=&#8221;yes&#8221;][\/vc_column][\/vc_row][vc_row][vc_column][vc_column_text el_class=&#8221;lead&#8221;]F\u00fcr die Van Dijk Holland B.V. spielt Kreativit\u00e4t eine wesentliche Rolle. Wir betrachten Kreativit\u00e4t nicht als exklusive Spielwiese f\u00fcr Designer und Produktentwickler. Deshalb konzentriert sich unser gesamtes Unternehmen darauf, die richtigen Produkte bzw. L\u00f6sungen f\u00fcr die Probleme unserer Kunden zu finden.[\/vc_column_text][\/vc_column][\/vc_row][vc_row][vc_column width=&#8221;1\/2&#8243;][vc_single_image image=&#8221;4115&#8243; img_size=&#8221;full&#8221; style=&#8221;vc_box_outline&#8221; onclick=&#8221;img_link_large&#8221; lightbox=&#8221;yes&#8221; zoom_icon=&#8221;yes&#8221;][\/vc_column][vc_column width=&#8221;1\/2&#8243;][vc_single_image image=&#8221;4116&#8243; img_size=&#8221;full&#8221; style=&#8221;vc_box_outline&#8221; [&hellip;]<\/p>\n","protected":false},"author":1,"featured_media":0,"parent":0,"menu_order":0,"comment_status":"closed","ping_status":"closed","template":"","meta":{"footnotes":""},"class_list":["post-4112","page","type-page","status-publish","hentry"],"_links":{"self":[{"href":"https:\/\/www.vandijkholland.nl\/de\/wp-json\/wp\/v2\/pages\/4112","targetHints":{"allow":["GET"]}}],"collection":[{"href":"https:\/\/www.vandijkholland.nl\/de\/wp-json\/wp\/v2\/pages"}],"about":[{"href":"https:\/\/www.vandijkholland.nl\/de\/wp-json\/wp\/v2\/types\/page"}],"author":[{"embeddable":true,"href":"https:\/\/www.vandijkholland.nl\/de\/wp-json\/wp\/v2\/users\/1"}],"replies":[{"embeddable":true,"href":"https:\/\/www.vandijkholland.nl\/de\/wp-json\/wp\/v2\/comments?post=4112"}],"version-history":[{"count":5,"href":"https:\/\/www.vandijkholland.nl\/de\/wp-json\/wp\/v2\/pages\/4112\/revisions"}],"predecessor-version":[{"id":4200,"href":"https:\/\/www.vandijkholland.nl\/de\/wp-json\/wp\/v2\/pages\/4112\/revisions\/4200"}],"wp:attachment":[{"href":"https:\/\/www.vandijkholland.nl\/de\/wp-json\/wp\/v2\/media?parent=4112"}],"curies":[{"name":"wp","href":"https:\/\/api.w.org\/{rel}","templated":true}]}}