{"id":4108,"date":"2016-01-11T15:35:30","date_gmt":"2016-01-11T14:35:30","guid":{"rendered":"http:\/\/www.vandijkholland.nl\/?page_id=4108"},"modified":"2016-01-19T09:57:46","modified_gmt":"2016-01-19T08:57:46","slug":"innovatie","status":"publish","type":"page","link":"https:\/\/www.vandijkholland.nl\/de\/wie-zijn-wij\/innovatie\/","title":{"rendered":"Innovation"},"content":{"rendered":"<p>[vc_row][vc_column][vc_custom_heading text=&#8221;Innovation&#8221; use_theme_fonts=&#8221;yes&#8221;][\/vc_column][\/vc_row][vc_row][vc_column][vc_column_text el_class=&#8221;lead&#8221;]Innovation ist wichtig, vor allem wenn man seinen Partnern neue, fortschrittliche L\u00f6sungen und Ma\u00dfarbeit liefern m\u00f6chte.<\/p>\n<p>Durch die Zusammenarbeit bzw. Partnerschaften mit f\u00fchrenden Unternehmen versuchen wir, unser Knowhow mit neuen Rohstoffen und Techniken zu kombinieren.[\/vc_column_text][\/vc_column][\/vc_row]<\/p>","protected":false},"excerpt":{"rendered":"<p>[vc_row][vc_column][vc_custom_heading text=&#8221;Innovation&#8221; use_theme_fonts=&#8221;yes&#8221;][\/vc_column][\/vc_row][vc_row][vc_column][vc_column_text el_class=&#8221;lead&#8221;]Innovation ist wichtig, vor allem wenn man seinen Partnern neue, fortschrittliche L\u00f6sungen und Ma\u00dfarbeit liefern m\u00f6chte. Durch die Zusammenarbeit bzw. Partnerschaften mit f\u00fchrenden Unternehmen versuchen wir, unser Knowhow mit neuen Rohstoffen und Techniken zu kombinieren.[\/vc_column_text][\/vc_column][\/vc_row]<\/p>\n","protected":false},"author":1,"featured_media":0,"parent":162,"menu_order":0,"comment_status":"closed","ping_status":"closed","template":"","meta":{"footnotes":""},"class_list":["post-4108","page","type-page","status-publish","hentry"],"_links":{"self":[{"href":"https:\/\/www.vandijkholland.nl\/de\/wp-json\/wp\/v2\/pages\/4108","targetHints":{"allow":["GET"]}}],"collection":[{"href":"https:\/\/www.vandijkholland.nl\/de\/wp-json\/wp\/v2\/pages"}],"about":[{"href":"https:\/\/www.vandijkholland.nl\/de\/wp-json\/wp\/v2\/types\/page"}],"author":[{"embeddable":true,"href":"https:\/\/www.vandijkholland.nl\/de\/wp-json\/wp\/v2\/users\/1"}],"replies":[{"embeddable":true,"href":"https:\/\/www.vandijkholland.nl\/de\/wp-json\/wp\/v2\/comments?post=4108"}],"version-history":[{"count":3,"href":"https:\/\/www.vandijkholland.nl\/de\/wp-json\/wp\/v2\/pages\/4108\/revisions"}],"predecessor-version":[{"id":4199,"href":"https:\/\/www.vandijkholland.nl\/de\/wp-json\/wp\/v2\/pages\/4108\/revisions\/4199"}],"up":[{"embeddable":true,"href":"https:\/\/www.vandijkholland.nl\/de\/wp-json\/wp\/v2\/pages\/162"}],"wp:attachment":[{"href":"https:\/\/www.vandijkholland.nl\/de\/wp-json\/wp\/v2\/media?parent=4108"}],"curies":[{"name":"wp","href":"https:\/\/api.w.org\/{rel}","templated":true}]}}